{"id":5486,"date":"2025-03-13T12:47:20","date_gmt":"2025-03-13T12:47:20","guid":{"rendered":"https:\/\/catania.globalcruiseports.com\/social-responsibility\/"},"modified":"2026-02-25T14:15:44","modified_gmt":"2026-02-25T14:15:44","slug":"responsabilita-sociale","status":"publish","type":"page","link":"https:\/\/cataniacruiseport.com\/it\/responsabilita-sociale\/","title":{"rendered":"Responsabilit\u00e0 sociale"},"content":{"rendered":"\r\n\r\n<section\r\n    class=\"section page page-sustainability page-bg-light \">\r\n    <style>\r\n                .page-header-bg {\r\n                    background-image: url(https:\/\/cataniacruiseport.com\/wp-content\/uploads\/sites\/50\/2025\/05\/social-scaled.jpeg);\r\n                    background-size: cover;\r\n                    background-position: center;\r\n                }\r\n\t\t\t\t.hero-content{\r\n\t\t\t\t    top: 50%;\r\n    \t\t\t\tposition: absolute;\r\n    \t\t\t\ttransform: translateY(-50%);\r\n\t\t\t\t}\r\n              <\/style><div class=\"page-header-bg pr\">    <div class=\"container w100\">\r\n        <div class=\"row flex hero-content\">\r\n            <div class=\"cl-12 page-header\">\r\n                <h5>Responsabilit\u00e0 sociale<\/h5>\r\n                <h1>Responsabilit\u00e0 sociale<\/h1>\r\n                <p><span data-sheets-root=\"1\">Scopri come i nostri progetti di coinvolgimento della comunit\u00e0 favoriscono una crescita sostenibile e generano un impatto duraturo.<\/span><\/p>\n                \r\n\r\n                <style>\r\n                    a.cta {\r\n                        border-radius: 2rem;\r\n                        display: flex;\r\n                        align-items: center;\r\n                        width: fit-content;\r\n                        padding: 0.8rem 2.8rem 0.96rem 2.8rem;\r\n                        margin-top: 2rem;\r\n                        color: #fff;\r\n                    }\r\n\r\n                    .hero-content .page-header {\r\n                        display: flex;\r\n                        flex-direction: column;\r\n                        row-gap: 12px;\r\n                    }\r\n\r\n                    .page-header h5{\r\n                        margin-bottom: 0;\r\n                    }\r\n\r\n                    h5 {\r\n                        text-transform: uppercase;\r\n                    }\r\n\r\n                    .page-header p {\r\n                        max-width: 500px;\r\n                        color: #fff;\r\n                    }\r\n\r\n                    .cta:hover {\r\n                        padding-right: 2.8rem !important;\r\n                    }\r\n                <\/style>\r\n            <\/div>\r\n        <\/div>\r\n    <\/div>\r\n    <\/div>\r\n<\/section>\n\n<section class=\"section section-content-title \" id=\"\">\r\n\t<div class=\"container\">\r\n\t\t<div class=\"row flex align-i-center\">\r\n\t\t\t<div class=\"cl-5\">\r\n\t\t\t\t\t\t\t\t<h2>\r\n\t\t\t\t\tTurismo crocieristico per \t\t\t\t\t<br>\r\n\t\t\t\t\t<span class=\"primary-color\">un futuro migliore<\/span>\r\n\t\t\t\t<\/h2>\r\n\t\t\t<\/div>\r\n\t\t\t<div class=\"cl-7\">\r\n\t\t\t\t<p class=\"grey-color\"><span data-sheets-root=\"1\">A Catania ci impegniamo a rafforzare le comunit\u00e0, promuovere un turismo sostenibile e favorire una crescita responsabile. Il nostro obiettivo \u00e8 creare una destinazione in cui visitatori e residenti possano prosperare, sostenuti da iniziative di empowerment economico, progetti culturali e tutela ambientale.<\/span><\/p>\r\n\t\t\t<\/div>\r\n\t\t<\/div>\r\n\t<\/div>\r\n<\/section>\r\n\n\n<section class=\"section section-content-image \" id=\"\">\r\n\t<div class=\"container\">\r\n\t\t<div class=\"row flex align-i-center  flex-row-reverse \">\r\n\t\t\t<div class=\"cl-6\">\r\n\t\t\t\t<img decoding=\"async\" src=\"https:\/\/cataniacruiseport.com\/wp-content\/uploads\/sites\/50\/2025\/04\/shutterstock_2489916669-scaled.jpg\" class=\"w100\" alt=\"\" \/>\r\n\t\t\t<\/div>\r\n\t\t\t<div class=\"cl-1\">\r\n\t\t\t\t\r\n\t\t\t<\/div>\r\n\t\t\t<div class=\"cl-5\">\r\n\t\t\t\t<h3><\/h3>\r\n\t\t\t\t<p><span data-sheets-root=\"1\">Attraverso partnership con imprese locali, programmi educativi e iniziative di tutela del patrimonio, ci assicuriamo che i benefici del turismo crocieristico vadano oltre il presente, lasciando un&#8217;eredit\u00e0 positiva per le generazioni future.<\/p>\n<p>Crediamo nel potere della collaborazione e delle pratiche commerciali etiche per generare cambiamenti significativi. Insieme ai nostri partner, stiamo costruendo un futuro in cui il turismo crocieristico arricchisca le vite, sostenga le comunit\u00e0 e protegga l&#8217;ambiente.<\/span><\/p>\n\t\t\t\t\t\t\t<\/div>\r\n\t\t<\/div>\r\n\t<\/div>\r\n<\/section>\r\n\n\n\r\n<style>\r\n    .section-social-responsibilities .page-header-bg {\r\n        background-image: url(https:\/\/cataniacruiseport.com\/wp-content\/uploads\/sites\/50\/2024\/03\/social-responsibilities.jpg);\r\n    }\r\n    .section-social-responsibilities-tab-item ul{\r\n        list-style: disc;\r\n    }\r\n\r\n    .section-social-responsibilities-tab-item ul li{\r\n        margin-left: 2rem;\r\n    }\r\n<\/style>\r\n\r\n\r\n<section\r\n    class=\"section section-social-responsibilities page page-bg-light \"\r\n    id=\"section-social-responsibilities\">\r\n    <div class=\"page-header-bg flex align-i-start justify-c-start\">\r\n        <div class=\"container w100\">\r\n            <div class=\"row flex\">\r\n                <div class=\"cl-12 page-header\">\r\n                    <h3>Responsabilit\u00e0 sociale<\/h3>\r\n                    <h1>Impegnati per la nostra comunit\u00e0<\/h1>\r\n                    <p>Siamo impegnati a rafforzare le comunit\u00e0, mantenere pratiche commerciali etiche e creare un futuro positivo per tutti. Attraverso progetti concreti, collaboriamo con passeggeri, partner portuali e stakeholder chiave per generare un impatto duraturo.<\/p>\r\n                <\/div>\r\n            <\/div>\r\n        <\/div>\r\n    <\/div>\r\n    <div class=\"page-content-wrapper\">\r\n        <div class=\"container\">\r\n            <div class=\"row flex align-i-center justify-c-center\">\r\n                <div class=\"cl-10\">\r\n                    <div class=\"page-bg-white\">\r\n                        <div class=\"section-social-responsibilities-items accordion accordion-ii\">\r\n                                                                <div\r\n                                        class=\"accordion-header accordion-header-sm black-arrow active first-item\">\r\n                                        <div class=\"row flex\">\r\n                                            <div class=\"cl-12\">\r\n                                                Giornata internazionale della pulizia delle coste                                            <\/div>\r\n                                        <\/div>\r\n                                    <\/div>\r\n                                    <div\r\n                                        class=\"desktop-accordion-content mobile-accordion-content accordion-content active\">\r\n                                        <div class=\"row flex\">\r\n                                            <div class=\"cl-12 accordion-content-light\">\r\n                                                <div class=\"section-social-responsibilities-tab-item\">\r\n                                                    <div class=\"row flex\">\r\n                                                        <div class=\"cl-7\">\r\n                                                            <p>Il porto crocieristico di Catania ha partecipato all&#8217;iniziativa mondiale promossa da Global Ports Holding (GPH) in occasione della Giornata internazionale della pulizia delle coste. All&#8217;insegna dello slogan &#8220;Da ogni porto, per ogni costa&#8221;, i partecipanti si sono riuniti sulla spiaggia di Playa, a Catania, a breve distanza dal porto, per contribuire alla pulizia delle coste e sottolineare l&#8217;importanza di proteggere il nostro ecosistema marino. Il programma delle crociere \u00e8 disponibile per i prossimi 3 mesi. Se non vengono visualizzati scali, ci\u00f2 potrebbe significare che non sono previsti scali o che il programma non \u00e8 ancora disponibile nel sistema.<\/p>\n                                                        <\/div>\r\n                                                        <div class=\"cl-5\">\r\n                                                            <img decoding=\"async\"\r\n                                                                src=\"https:\/\/cataniacruiseport.com\/wp-content\/uploads\/sites\/50\/2025\/09\/proje-catania.png\" \/>\r\n                                                        <\/div>\r\n                                                    <\/div>\r\n                                                <\/div>\r\n                                            <\/div>\r\n                                        <\/div>\r\n                                    <\/div>\r\n                                                                        <div\r\n                                        class=\"accordion-header accordion-header-sm black-arrow \">\r\n                                        <div class=\"row flex\">\r\n                                            <div class=\"cl-12\">\r\n                                                Catania Cruiser                                            <\/div>\r\n                                        <\/div>\r\n                                    <\/div>\r\n                                    <div\r\n                                        class=\"desktop-accordion-content mobile-accordion-content accordion-content \">\r\n                                        <div class=\"row flex\">\r\n                                            <div class=\"cl-12 accordion-content-light\">\r\n                                                <div class=\"section-social-responsibilities-tab-item\">\r\n                                                    <div class=\"row flex\">\r\n                                                        <div class=\"cl-7\">\r\n                                                            \n<p>Progettata pensando al viaggiatore, Catania Cruiser \u00e8 un\u2019applicazione per smartphone intuitiva, facile da usare e immediata, che trasforma ogni sosta in un\u2019esperienza autentica e memorabile. Dalla scoperta dei principali luoghi culturali all\u2019esplorazione di tesori nascosti, sapori locali ed esperienze uniche, l\u2019app diventa una guida digitale nel cuore della nostra vivace citt\u00e0.<\/p>\n\n\n\n<p><br>Finalizzata a migliorare l\u2019esperienza dei passeggeri e a promuovere un turismo sostenibile e intelligente, questo progetto innovativo \u00e8 finanziato dal Programma Operativo Complementare.<\/p>\n\n\n\n<p><\/p>\n                                                        <\/div>\r\n                                                        <div class=\"cl-5\">\r\n                                                            <img decoding=\"async\"\r\n                                                                src=\"https:\/\/cataniacruiseport.com\/wp-content\/uploads\/sites\/50\/2025\/09\/catania-cruisers-1-1.jpg\" \/>\r\n                                                        <\/div>\r\n                                                    <\/div>\r\n                                                <\/div>\r\n                                            <\/div>\r\n                                        <\/div>\r\n                                    <\/div>\r\n                                                            <\/div>\r\n                    <\/div>\r\n                <\/div>\r\n            <\/div>\r\n        <\/div>\r\n    <\/div>\r\n<\/section>","protected":false},"excerpt":{"rendered":"","protected":false},"author":2,"featured_media":0,"parent":0,"menu_order":63,"comment_status":"closed","ping_status":"closed","template":"","meta":{"_acf_changed":false,"footnotes":""},"class_list":["post-5486","page","type-page","status-publish","hentry"],"acf":[],"_links":{"self":[{"href":"https:\/\/cataniacruiseport.com\/it\/wp-json\/wp\/v2\/pages\/5486","targetHints":{"allow":["GET"]}}],"collection":[{"href":"https:\/\/cataniacruiseport.com\/it\/wp-json\/wp\/v2\/pages"}],"about":[{"href":"https:\/\/cataniacruiseport.com\/it\/wp-json\/wp\/v2\/types\/page"}],"author":[{"embeddable":true,"href":"https:\/\/cataniacruiseport.com\/it\/wp-json\/wp\/v2\/users\/2"}],"replies":[{"embeddable":true,"href":"https:\/\/cataniacruiseport.com\/it\/wp-json\/wp\/v2\/comments?post=5486"}],"version-history":[{"count":6,"href":"https:\/\/cataniacruiseport.com\/it\/wp-json\/wp\/v2\/pages\/5486\/revisions"}],"predecessor-version":[{"id":7784,"href":"https:\/\/cataniacruiseport.com\/it\/wp-json\/wp\/v2\/pages\/5486\/revisions\/7784"}],"wp:attachment":[{"href":"https:\/\/cataniacruiseport.com\/it\/wp-json\/wp\/v2\/media?parent=5486"}],"curies":[{"name":"wp","href":"https:\/\/api.w.org\/{rel}","templated":true}]}}